{"id":7362,"date":"2025-09-23T00:22:35","date_gmt":"2025-09-22T23:22:35","guid":{"rendered":"https:\/\/portosantocharter.eu\/?page_id=7362"},"modified":"2025-09-23T00:22:35","modified_gmt":"2025-09-22T23:22:35","slug":"research-and-public-discussion","status":"publish","type":"page","link":"https:\/\/portosantocharter.eu\/pt\/research-and-public-discussion\/","title":{"rendered":"Investiga\u00e7\u00e3o e Discuss\u00e3o P\u00fablica"},"content":{"rendered":"<p class=\"wp-block-paragraph\">A confer\u00eancia apresentar\u00e1 os primeiros resultados de uma metodologia de escuta de jovens, no \u00e2mbito de temas relacionados com a cidadania cultural. As ausculta\u00e7\u00f5es ter\u00e3o lugar em Portugal (PT), Pol\u00f3nia (POL), Eslov\u00e9nia (SLO) e Alemanha (GER) e enquadram-se num processo de colabora\u00e7\u00e3o de diversos atores institucionais. Entre estes atores destaque para representantes governamentais de v\u00e1rios pa\u00edses europeus, bem como organiza\u00e7\u00f5es e redes europeias ligadas aos sectores culturais e educativos.<\/p>\n\n\n\n<p class=\"wp-block-paragraph\">O processo passou por diferentes fases, entre os quais a realiza\u00e7\u00e3o da confer\u00eancia \u201cDa democratiza\u00e7\u00e3o \u00e0 democracia cultural: repensar institui\u00e7\u00f5es e pr\u00e1ticas\u201d, realizada em Porto Santo, na Madeira, nos dias 27 e 28 de abril de 2021, organizada no contexto da Presid\u00eancia Portuguesa do Conselho da Uni\u00e3o Europeia. Nesta confer\u00eancia foi apresentada a \u201cCarta do Porto Santo - A cultura e a promo\u00e7\u00e3o da democracia: para uma cidadania cultural europeia\", promovida pelo Plano Nacional das Artes e elaborada atrav\u00e9s de uma metodologia participativa e colaborativa.<\/p>\n\n\n\n<p class=\"wp-block-paragraph\">O momento atual \u00e9 o de ausculta\u00e7\u00e3o de jovens para o enriquecimento desta Carta, bem como o de outras atividades subsequentes. Os resultados da ausculta\u00e7\u00e3o de jovens alimentar\u00e3o os debates da Confer\u00eancia, bem como uma adenda \u00e0 Carta de Porto Santo, expressando a perspetiva da juventude.<\/p>\n\n\n\n<p class=\"wp-block-paragraph\">A A3S foi convidada a conceber, elaborar e implementar a metodologia desta ausculta\u00e7\u00e3o em Portugal, partilhando-a com cong\u00e9neres dos tr\u00eas pa\u00edses referidos, que a replicar\u00e3o adaptando-a aos seus contextos espec\u00edficos.<\/p>\n\n\n\n<p class=\"wp-block-paragraph\">Os resultados das ausculta\u00e7\u00f5es ser\u00e3o objeto de an\u00e1lise dos grupos de trabalho que integram este processo mais amplo de elabora\u00e7\u00e3o de pol\u00edticas europeias de cidadania cultural, designadamente por representantes da ENO - European Network of Observatories in the field of arts and cultural education.<\/p>\n\n\n\n<p class=\"wp-block-paragraph\">A elabora\u00e7\u00e3o e implementa\u00e7\u00e3o desta metodologia \u00e9 um processo experimental que depois de avaliado poder\u00e1 ser a base para desenhar futuras metodologias de ausculta\u00e7\u00f5es no \u00e2mbito de processos de reflex\u00e3o, debate e elabora\u00e7\u00e3o de pol\u00edticas culturais e educativas.<\/p>","protected":false},"excerpt":{"rendered":"<p>The conference will present the first outcomes of a methodology for listening to groups of young people within the scope of cultural citizenship themes. The consultations will take place in Portugal (PT), Poland (POL), Slovenia (SLO), and Germany (GER) and will be part of a process of collaboration between several institutional actors. Among these actors, we highlight government representatives from several European countries and European organisations and networks linked to the cultural and educational sectors. The process had several previous steps, including the conference &#8220;From democratisation to cultural democracy: rethinking institutions and practices&#8221;, held in Porto Santo, Madeira, on 27 and 28 April 2021, organised<\/p>","protected":false},"author":46133109,"featured_media":0,"parent":0,"menu_order":0,"comment_status":"closed","ping_status":"closed","template":"","meta":{"_coblocks_attr":"","_coblocks_dimensions":"","_coblocks_responsive_height":"","_coblocks_accordion_ie_support":"","_crdt_document":"","site-sidebar-layout":"default","site-content-layout":"","ast-site-content-layout":"default","site-content-style":"default","site-sidebar-style":"default","ast-global-header-display":"","ast-banner-title-visibility":"","ast-main-header-display":"","ast-hfb-above-header-display":"","ast-hfb-below-header-display":"","ast-hfb-mobile-header-display":"","site-post-title":"","ast-breadcrumbs-content":"","ast-featured-img":"","footer-sml-layout":"","theme-transparent-header-meta":"","adv-header-id-meta":"","stick-header-meta":"","header-above-stick-meta":"","header-main-stick-meta":"","header-below-stick-meta":"","astra-migrate-meta-layouts":"set","ast-page-background-enabled":"default","ast-page-background-meta":{"desktop":{"background-color":"","background-image":"","background-repeat":"repeat","background-position":"center center","background-size":"auto","background-attachment":"scroll","background-type":"","background-media":"","overlay-type":"","overlay-color":"","overlay-gradient":""},"tablet":{"background-color":"","background-image":"","background-repeat":"repeat","background-position":"center center","background-size":"auto","background-attachment":"scroll","background-type":"","background-media":"","overlay-type":"","overlay-color":"","overlay-gradient":""},"mobile":{"background-color":"","background-image":"","background-repeat":"repeat","background-position":"center center","background-size":"auto","background-attachment":"scroll","background-type":"","background-media":"","overlay-type":"","overlay-color":"","overlay-gradient":""}},"ast-content-background-meta":{"desktop":{"background-color":"var(--ast-global-color-5)","background-image":"","background-repeat":"repeat","background-position":"center center","background-size":"auto","background-attachment":"scroll","background-type":"","background-media":"","overlay-type":"","overlay-color":"","overlay-gradient":""},"tablet":{"background-color":"var(--ast-global-color-5)","background-image":"","background-repeat":"repeat","background-position":"center center","background-size":"auto","background-attachment":"scroll","background-type":"","background-media":"","overlay-type":"","overlay-color":"","overlay-gradient":""},"mobile":{"background-color":"var(--ast-global-color-5)","background-image":"","background-repeat":"repeat","background-position":"center center","background-size":"auto","background-attachment":"scroll","background-type":"","background-media":"","overlay-type":"","overlay-color":"","overlay-gradient":""}},"advanced_seo_description":"","jetpack_seo_html_title":"","jetpack_seo_noindex":false,"footnotes":""},"class_list":["post-7362","page","type-page","status-publish","hentry"],"jetpack_shortlink":"https:\/\/wp.me\/PcOAqI-1UK","jetpack_sharing_enabled":true,"_links":{"self":[{"href":"https:\/\/portosantocharter.eu\/pt\/wp-json\/wp\/v2\/pages\/7362","targetHints":{"allow":["GET"]}}],"collection":[{"href":"https:\/\/portosantocharter.eu\/pt\/wp-json\/wp\/v2\/pages"}],"about":[{"href":"https:\/\/portosantocharter.eu\/pt\/wp-json\/wp\/v2\/types\/page"}],"author":[{"embeddable":true,"href":"https:\/\/portosantocharter.eu\/pt\/wp-json\/wp\/v2\/users\/46133109"}],"replies":[{"embeddable":true,"href":"https:\/\/portosantocharter.eu\/pt\/wp-json\/wp\/v2\/comments?post=7362"}],"version-history":[{"count":1,"href":"https:\/\/portosantocharter.eu\/pt\/wp-json\/wp\/v2\/pages\/7362\/revisions"}],"predecessor-version":[{"id":7363,"href":"https:\/\/portosantocharter.eu\/pt\/wp-json\/wp\/v2\/pages\/7362\/revisions\/7363"}],"wp:attachment":[{"href":"https:\/\/portosantocharter.eu\/pt\/wp-json\/wp\/v2\/media?parent=7362"}],"curies":[{"name":"wp","href":"https:\/\/api.w.org\/{rel}","templated":true}]}}