{"id":3998,"date":"2023-09-22T07:53:07","date_gmt":"2023-09-22T06:53:07","guid":{"rendered":"https:\/\/portosantocharter.eu\/?page_id=3998"},"modified":"2025-09-23T13:24:20","modified_gmt":"2025-09-23T12:24:20","slug":"timeline","status":"publish","type":"page","link":"https:\/\/portosantocharter.eu\/pt\/timeline\/","title":{"rendered":"Linha cronol\u00f3gica"},"content":{"rendered":"<div data-elementor-type=\"wp-page\" data-elementor-id=\"3998\" class=\"elementor elementor-3998\">\n\t\t\t\t\t\t<section class=\"has_eae_slider elementor-section elementor-top-section elementor-element elementor-element-3b8e4f70 elementor-section-full_width elementor-section-stretched elementor-section-height-default elementor-section-height-default wpr-particle-no wpr-jarallax-no wpr-parallax-no wpr-sticky-section-no wpr-column-slider-no wpr-equal-height-no\" data-eae-slider=\"37868\" data-id=\"3b8e4f70\" data-element_type=\"section\" data-e-type=\"section\" data-settings=\"{&quot;stretch_section&quot;:&quot;section-stretched&quot;}\">\n\t\t\t\t\t\t<div class=\"elementor-container elementor-column-gap-default\">\n\t\t\t\t\t<div class=\"has_eae_slider elementor-column elementor-col-100 elementor-top-column elementor-element elementor-element-78d76728\" data-eae-slider=\"73460\" data-id=\"78d76728\" data-element_type=\"column\" data-e-type=\"column\">\n\t\t\t<div class=\"elementor-widget-wrap elementor-element-populated\">\n\t\t\t\t\t\t<div class=\"elementor-element elementor-element-6160842b elementor-fixed elementor-hidden-mobile elementor-widget elementor-widget-image\" data-id=\"6160842b\" data-element_type=\"widget\" data-e-type=\"widget\" data-settings=\"{&quot;_position&quot;:&quot;fixed&quot;}\" data-widget_type=\"image.default\">\n\t\t\t\t<div class=\"elementor-widget-container\">\n\t\t\t\t\t\t\t\t\t\t\t\t\t\t\t<img fetchpriority=\"high\" decoding=\"async\" data-attachment-id=\"4245\" data-permalink=\"https:\/\/portosantocharter.eu\/pt\/carta\/more-info\/\" data-orig-file=\"https:\/\/i0.wp.com\/portosantocharter.eu\/wp-content\/uploads\/2023\/10\/more-info.png?fit=1097%2C4713&amp;ssl=1\" data-orig-size=\"1097,4713\" data-comments-opened=\"0\" data-image-meta=\"{&quot;aperture&quot;:&quot;0&quot;,&quot;credit&quot;:&quot;&quot;,&quot;camera&quot;:&quot;&quot;,&quot;caption&quot;:&quot;&quot;,&quot;created_timestamp&quot;:&quot;0&quot;,&quot;copyright&quot;:&quot;&quot;,&quot;focal_length&quot;:&quot;0&quot;,&quot;iso&quot;:&quot;0&quot;,&quot;shutter_speed&quot;:&quot;0&quot;,&quot;title&quot;:&quot;&quot;,&quot;orientation&quot;:&quot;0&quot;}\" data-image-title=\"more info\" data-image-description=\"\" data-image-caption=\"\" data-large-file=\"https:\/\/i0.wp.com\/portosantocharter.eu\/wp-content\/uploads\/2023\/10\/more-info.png?fit=238%2C1024&amp;ssl=1\" width=\"238\" height=\"1024\" src=\"https:\/\/i0.wp.com\/portosantocharter.eu\/wp-content\/uploads\/2023\/10\/more-info.png?fit=238%2C1024&amp;ssl=1\" class=\"attachment-large size-large wp-image-4245\" alt=\"\" srcset=\"https:\/\/i0.wp.com\/portosantocharter.eu\/wp-content\/uploads\/2023\/10\/more-info.png?w=1097&amp;ssl=1 1097w, https:\/\/i0.wp.com\/portosantocharter.eu\/wp-content\/uploads\/2023\/10\/more-info.png?resize=70%2C300&amp;ssl=1 70w, https:\/\/i0.wp.com\/portosantocharter.eu\/wp-content\/uploads\/2023\/10\/more-info.png?resize=238%2C1024&amp;ssl=1 238w, https:\/\/i0.wp.com\/portosantocharter.eu\/wp-content\/uploads\/2023\/10\/more-info.png?resize=768%2C3300&amp;ssl=1 768w\" sizes=\"(max-width: 238px) 100vw, 238px\" \/>\t\t\t\t\t\t\t\t\t\t\t\t\t\t\t<\/div>\n\t\t\t\t<\/div>\n\t\t\t\t\t<\/div>\n\t\t<\/div>\n\t\t\t\t\t<\/div>\n\t\t<\/section>\n\t\t\t\t<section class=\"has_eae_slider elementor-section elementor-top-section elementor-element elementor-element-67aaa0f0 elementor-section-full_width elementor-section-height-full elementor-section-stretched elementor-section-height-default elementor-section-items-middle wpr-particle-no wpr-jarallax-no wpr-parallax-no wpr-sticky-section-no wpr-column-slider-no wpr-equal-height-no\" data-eae-slider=\"19271\" data-id=\"67aaa0f0\" data-element_type=\"section\" data-e-type=\"section\" data-settings=\"{&quot;stretch_section&quot;:&quot;section-stretched&quot;,&quot;background_background&quot;:&quot;classic&quot;}\">\n\t\t\t\t\t\t<div class=\"elementor-container elementor-column-gap-default\">\n\t\t\t\t\t<div class=\"has_eae_slider elementor-column elementor-col-100 elementor-top-column elementor-element elementor-element-1bef1988\" data-eae-slider=\"57187\" data-id=\"1bef1988\" data-element_type=\"column\" data-e-type=\"column\">\n\t\t\t<div class=\"elementor-widget-wrap elementor-element-populated\">\n\t\t\t\t\t\t<div class=\"elementor-element elementor-element-1b3f96b3 elementor-widget elementor-widget-image\" data-id=\"1b3f96b3\" data-element_type=\"widget\" data-e-type=\"widget\" data-widget_type=\"image.default\">\n\t\t\t\t<div class=\"elementor-widget-container\">\n\t\t\t\t\t\t\t\t\t\t\t\t\t\t\t<img decoding=\"async\" data-attachment-id=\"4297\" data-permalink=\"https:\/\/portosantocharter.eu\/pt\/carta\/unknown-3\/\" data-orig-file=\"https:\/\/i0.wp.com\/portosantocharter.eu\/wp-content\/uploads\/2023\/10\/Unknown-3.png?fit=700%2C700&amp;ssl=1\" data-orig-size=\"700,700\" data-comments-opened=\"0\" data-image-meta=\"{&quot;aperture&quot;:&quot;0&quot;,&quot;credit&quot;:&quot;&quot;,&quot;camera&quot;:&quot;&quot;,&quot;caption&quot;:&quot;&quot;,&quot;created_timestamp&quot;:&quot;0&quot;,&quot;copyright&quot;:&quot;&quot;,&quot;focal_length&quot;:&quot;0&quot;,&quot;iso&quot;:&quot;0&quot;,&quot;shutter_speed&quot;:&quot;0&quot;,&quot;title&quot;:&quot;&quot;,&quot;orientation&quot;:&quot;0&quot;}\" data-image-title=\"Unknown-3\" data-image-description=\"&lt;p&gt;youth action culture logo&lt;\/p&gt;\" data-image-caption=\"&lt;p&gt;Youth Action Culture&lt;\/p&gt;\" data-large-file=\"https:\/\/i0.wp.com\/portosantocharter.eu\/wp-content\/uploads\/2023\/10\/Unknown-3.png?fit=700%2C700&amp;ssl=1\" width=\"700\" height=\"700\" src=\"https:\/\/i0.wp.com\/portosantocharter.eu\/wp-content\/uploads\/2023\/10\/Unknown-3.png?fit=700%2C700&amp;ssl=1\" class=\"attachment-full size-full wp-image-4297\" alt=\"youth action culture logo\" srcset=\"https:\/\/i0.wp.com\/portosantocharter.eu\/wp-content\/uploads\/2023\/10\/Unknown-3.png?w=700&amp;ssl=1 700w, https:\/\/i0.wp.com\/portosantocharter.eu\/wp-content\/uploads\/2023\/10\/Unknown-3.png?resize=300%2C300&amp;ssl=1 300w, https:\/\/i0.wp.com\/portosantocharter.eu\/wp-content\/uploads\/2023\/10\/Unknown-3.png?resize=150%2C150&amp;ssl=1 150w, https:\/\/i0.wp.com\/portosantocharter.eu\/wp-content\/uploads\/2023\/10\/Unknown-3.png?resize=80%2C80&amp;ssl=1 80w, https:\/\/i0.wp.com\/portosantocharter.eu\/wp-content\/uploads\/2023\/10\/Unknown-3.png?resize=600%2C600&amp;ssl=1 600w, https:\/\/i0.wp.com\/portosantocharter.eu\/wp-content\/uploads\/2023\/10\/Unknown-3.png?resize=400%2C400&amp;ssl=1 400w, https:\/\/i0.wp.com\/portosantocharter.eu\/wp-content\/uploads\/2023\/10\/Unknown-3.png?resize=200%2C200&amp;ssl=1 200w\" sizes=\"(max-width: 700px) 100vw, 700px\" \/>\t\t\t\t\t\t\t\t\t\t\t\t\t\t\t<\/div>\n\t\t\t\t<\/div>\n\t\t\t\t\t<\/div>\n\t\t<\/div>\n\t\t\t\t\t<\/div>\n\t\t<\/section>\n\t\t\t\t<section class=\"has_eae_slider elementor-section elementor-top-section elementor-element elementor-element-48843b98 timeline elementor-section-boxed elementor-section-height-default elementor-section-height-default wpr-particle-no wpr-jarallax-no wpr-parallax-no wpr-sticky-section-no wpr-column-slider-no wpr-equal-height-no\" data-eae-slider=\"96097\" data-id=\"48843b98\" data-element_type=\"section\" data-e-type=\"section\">\n\t\t\t\t\t\t<div class=\"elementor-container elementor-column-gap-default\">\n\t\t\t\t\t<div class=\"has_eae_slider elementor-column elementor-col-100 elementor-top-column elementor-element elementor-element-4d65923d\" data-eae-slider=\"48800\" data-id=\"4d65923d\" data-element_type=\"column\" data-e-type=\"column\">\n\t\t\t<div class=\"elementor-widget-wrap elementor-element-populated\">\n\t\t\t\t\t\t<div class=\"elementor-element elementor-element-7e1d38a9 wpr-tabs-hr-position-pro-ct wpr-tabs-icon-position-right wpr-tabs-position-above wpr-tabs-triangle-yes wpr-tabs-triangle-type-outer elementor-widget elementor-widget-wpr-tabs\" data-id=\"7e1d38a9\" data-element_type=\"widget\" data-e-type=\"widget\" data-settings=\"{&quot;tab_transition_duration&quot;:0.1}\" data-widget_type=\"wpr-tabs.default\">\n\t\t\t\t<div class=\"elementor-widget-container\">\n\t\t\t\t\t\t\t\n\t\t<div class=\"wpr-tabs\" data-options=\"{&quot;activeTab&quot;:1,&quot;trigger&quot;:&quot;click&quot;,&quot;autoplay&quot;:&quot;&quot;,&quot;autoplaySpeed&quot;:1000}\">\n\t\t\t\n\t\t\t<div class=\"wpr-tabs-wrap\">\n\t\t\t\t\n\t\t\t\t<div id=\"wpr-tab-2111\" class=\"wpr-tab elementor-repeater-item-b93af7d\" data-tab=\"1\">\n\t\t\t\t\t\n\t\t\t\t\t\t\t\t\t\t<div class=\"wpr-tab-title\">EN<\/div>\n\t\t\t\t\t\n\t\t\t\t\t\t\t\t\t\t<div class=\"wpr-tab-image\">\n\t\t\t\t\t\t<img decoding=\"async\" src=\"https:\/\/i0.wp.com\/portosantocharter.eu\/wp-content\/uploads\/2023\/08\/Sem-titulo.png?fit=225%2C225&#038;ssl=1\" >\n\t\t\t\t\t<\/div>\n\t\t\t\t\t\t\t\t\t\n\t\t\t\t<\/div>\n\n\t\t\t\t\n\t\t\t\t<div id=\"wpr-tab-2112\" class=\"wpr-tab elementor-repeater-item-294987e\" data-tab=\"2\">\n\t\t\t\t\t\n\t\t\t\t\t\t\t\t\t\t<div class=\"wpr-tab-title\">PT<\/div>\n\t\t\t\t\t\n\t\t\t\t\t\t\t\t\t\t<div class=\"wpr-tab-image\">\n\t\t\t\t\t\t<img decoding=\"async\" src=\"https:\/\/i0.wp.com\/portosantocharter.eu\/wp-content\/uploads\/2023\/08\/istockphoto-1204633116-612x612-1.jpg?fit=612%2C612&#038;ssl=1\" >\n\t\t\t\t\t<\/div>\n\t\t\t\t\t\t\t\t\t\n\t\t\t\t<\/div>\n\n\t\t\t\t\t\t\t<\/div>\n\n\t\t\t<div class=\"wpr-tabs-content-wrap\">\n\t\t\t\t\n\t\t\t\t<div id=\"wpr-tab-content-2111\" class=\"wpr-tab-content elementor-repeater-item-b93af7d\" data-tab=\"1\">\n\t\t\t\t\t<div class=\"wpr-tab-content-inner elementor-clearfix wpr-anim-size-large wpr-overlay-fade-in\"><h2 id=\"timeline\" style=\"text-align: center\"><strong>Linha cronol\u00f3gica<\/strong><\/h2><p style=\"text-align: center\">Tap the image to view in higher resolution<\/p><p style=\"text-align: center\"><a href=\"https:\/\/i0.wp.com\/portosantocharter.eu\/wp-content\/uploads\/2025\/09\/timeline_en_2025.webp?ssl=1\"><img data-recalc-dims=\"1\" decoding=\"async\" data-attachment-id=\"7518\" data-permalink=\"https:\/\/portosantocharter.eu\/pt\/timeline_en_2025\/\" data-orig-file=\"https:\/\/i0.wp.com\/portosantocharter.eu\/wp-content\/uploads\/2025\/09\/timeline_en_2025.webp?fit=1999%2C595&amp;ssl=1\" data-orig-size=\"1999,595\" data-comments-opened=\"0\" data-image-meta=\"{&quot;aperture&quot;:&quot;0&quot;,&quot;credit&quot;:&quot;&quot;,&quot;camera&quot;:&quot;&quot;,&quot;caption&quot;:&quot;&quot;,&quot;created_timestamp&quot;:&quot;0&quot;,&quot;copyright&quot;:&quot;&quot;,&quot;focal_length&quot;:&quot;0&quot;,&quot;iso&quot;:&quot;0&quot;,&quot;shutter_speed&quot;:&quot;0&quot;,&quot;title&quot;:&quot;&quot;,&quot;orientation&quot;:&quot;0&quot;}\" data-image-title=\"timeline_en_2025\" data-image-description=\"\" data-image-caption=\"\" data-large-file=\"https:\/\/i0.wp.com\/portosantocharter.eu\/wp-content\/uploads\/2025\/09\/timeline_en_2025.webp?fit=1024%2C305&amp;ssl=1\" class=\"timeline aligncenter wp-image-7518 size-full\" src=\"https:\/\/i0.wp.com\/portosantocharter.eu\/wp-content\/uploads\/2025\/09\/timeline_en_2025.webp?resize=1999%2C595&#038;ssl=1\" alt=\"timeline\" width=\"1999\" height=\"595\" srcset=\"https:\/\/i0.wp.com\/portosantocharter.eu\/wp-content\/uploads\/2025\/09\/timeline_en_2025.webp?w=1999&amp;ssl=1 1999w, https:\/\/i0.wp.com\/portosantocharter.eu\/wp-content\/uploads\/2025\/09\/timeline_en_2025.webp?resize=300%2C89&amp;ssl=1 300w, https:\/\/i0.wp.com\/portosantocharter.eu\/wp-content\/uploads\/2025\/09\/timeline_en_2025.webp?resize=1024%2C305&amp;ssl=1 1024w, https:\/\/i0.wp.com\/portosantocharter.eu\/wp-content\/uploads\/2025\/09\/timeline_en_2025.webp?resize=768%2C229&amp;ssl=1 768w, https:\/\/i0.wp.com\/portosantocharter.eu\/wp-content\/uploads\/2025\/09\/timeline_en_2025.webp?resize=1536%2C457&amp;ssl=1 1536w, https:\/\/i0.wp.com\/portosantocharter.eu\/wp-content\/uploads\/2025\/09\/timeline_en_2025.webp?resize=18%2C5&amp;ssl=1 18w\" sizes=\"(max-width: 1000px) 100vw, 1000px\" \/><\/a><\/p><\/div>\t\t\t\t<\/div>\n\n\t\t\t\t\n\t\t\t\t<div id=\"wpr-tab-content-2112\" class=\"wpr-tab-content elementor-repeater-item-294987e\" data-tab=\"2\">\n\t\t\t\t\t<div class=\"wpr-tab-content-inner elementor-clearfix wpr-anim-size-large wpr-overlay-fade-in\"><h2 id=\"linha-cronologica\" style=\"text-align: center\"><strong>Linha cronol\u00f3gica<\/strong><\/h2><p style=\"text-align: center\">Toque na imagem para ver em maior resolu\u00e7\u00e3o<\/p><p style=\"text-align: center\"><a href=\"https:\/\/i0.wp.com\/portosantocharter.eu\/wp-content\/uploads\/2025\/09\/timeline_pt_2025.webp?ssl=1\"><img data-recalc-dims=\"1\" loading=\"lazy\" decoding=\"async\" data-attachment-id=\"7519\" data-permalink=\"https:\/\/portosantocharter.eu\/pt\/timeline_pt_2025\/\" data-orig-file=\"https:\/\/i0.wp.com\/portosantocharter.eu\/wp-content\/uploads\/2025\/09\/timeline_pt_2025.webp?fit=1999%2C595&amp;ssl=1\" data-orig-size=\"1999,595\" data-comments-opened=\"0\" data-image-meta=\"{&quot;aperture&quot;:&quot;0&quot;,&quot;credit&quot;:&quot;&quot;,&quot;camera&quot;:&quot;&quot;,&quot;caption&quot;:&quot;&quot;,&quot;created_timestamp&quot;:&quot;0&quot;,&quot;copyright&quot;:&quot;&quot;,&quot;focal_length&quot;:&quot;0&quot;,&quot;iso&quot;:&quot;0&quot;,&quot;shutter_speed&quot;:&quot;0&quot;,&quot;title&quot;:&quot;&quot;,&quot;orientation&quot;:&quot;0&quot;}\" data-image-title=\"timeline_pt_2025\" data-image-description=\"\" data-image-caption=\"\" data-large-file=\"https:\/\/i0.wp.com\/portosantocharter.eu\/wp-content\/uploads\/2025\/09\/timeline_pt_2025.webp?fit=1024%2C305&amp;ssl=1\" class=\"timeline aligncenter wp-image-7519 size-full\" src=\"https:\/\/i0.wp.com\/portosantocharter.eu\/wp-content\/uploads\/2025\/09\/timeline_pt_2025.webp?resize=1999%2C595&#038;ssl=1\" alt=\"timeline\" width=\"1999\" height=\"595\" srcset=\"https:\/\/i0.wp.com\/portosantocharter.eu\/wp-content\/uploads\/2025\/09\/timeline_pt_2025.webp?w=1999&amp;ssl=1 1999w, https:\/\/i0.wp.com\/portosantocharter.eu\/wp-content\/uploads\/2025\/09\/timeline_pt_2025.webp?resize=300%2C89&amp;ssl=1 300w, https:\/\/i0.wp.com\/portosantocharter.eu\/wp-content\/uploads\/2025\/09\/timeline_pt_2025.webp?resize=1024%2C305&amp;ssl=1 1024w, https:\/\/i0.wp.com\/portosantocharter.eu\/wp-content\/uploads\/2025\/09\/timeline_pt_2025.webp?resize=768%2C229&amp;ssl=1 768w, https:\/\/i0.wp.com\/portosantocharter.eu\/wp-content\/uploads\/2025\/09\/timeline_pt_2025.webp?resize=1536%2C457&amp;ssl=1 1536w, https:\/\/i0.wp.com\/portosantocharter.eu\/wp-content\/uploads\/2025\/09\/timeline_pt_2025.webp?resize=18%2C5&amp;ssl=1 18w\" sizes=\"(max-width: 1000px) 100vw, 1000px\" \/><\/a><\/p><\/div>\t\t\t\t<\/div>\n\n\t\t\t\t\t\t\t<\/div>\n\n\t\t<\/div>\n\n\t\t\t\t\t\t<\/div>\n\t\t\t\t<\/div>\n\t\t\t\t\t<\/div>\n\t\t<\/div>\n\t\t\t\t\t<\/div>\n\t\t<\/section>\n\t\t\t\t<section class=\"has_eae_slider elementor-section elementor-top-section elementor-element elementor-element-2d9f4c5 elementor-section-stretched elementor-section-boxed elementor-section-height-default elementor-section-height-default wpr-particle-no wpr-jarallax-no wpr-parallax-no wpr-sticky-section-no wpr-column-slider-no wpr-equal-height-no\" data-eae-slider=\"82085\" data-id=\"2d9f4c5\" data-element_type=\"section\" data-e-type=\"section\" data-settings=\"{&quot;stretch_section&quot;:&quot;section-stretched&quot;,&quot;background_background&quot;:&quot;classic&quot;}\">\n\t\t\t\t\t\t<div class=\"elementor-container elementor-column-gap-no\">\n\t\t\t\t\t<div class=\"has_eae_slider elementor-column elementor-col-100 elementor-top-column elementor-element elementor-element-416d37d7\" data-eae-slider=\"62997\" data-id=\"416d37d7\" data-element_type=\"column\" data-e-type=\"column\">\n\t\t\t<div class=\"elementor-widget-wrap elementor-element-populated\">\n\t\t\t\t\t\t<div class=\"elementor-element elementor-element-6c7ddf95 elementor-widget elementor-widget-text-editor\" data-id=\"6c7ddf95\" data-element_type=\"widget\" data-e-type=\"widget\" data-widget_type=\"text-editor.default\">\n\t\t\t\t<div class=\"elementor-widget-container\">\n\t\t\t\t\t\t\t\t\t<p>ORGANIZATION<\/p>\t\t\t\t\t\t\t\t<\/div>\n\t\t\t\t<\/div>\n\t\t\t\t<div class=\"elementor-element elementor-element-4b4aa6e0 elementor-widget elementor-widget-image\" data-id=\"4b4aa6e0\" data-element_type=\"widget\" data-e-type=\"widget\" data-widget_type=\"image.default\">\n\t\t\t\t<div class=\"elementor-widget-container\">\n\t\t\t\t\t\t\t\t\t\t\t\t\t\t\t<img loading=\"lazy\" decoding=\"async\" data-attachment-id=\"4194\" data-permalink=\"https:\/\/portosantocharter.eu\/pt\/organizacao-novo-layout\/\" data-orig-file=\"https:\/\/i0.wp.com\/portosantocharter.eu\/wp-content\/uploads\/2023\/10\/organizacao-novo-layout.png?fit=1399%2C110&amp;ssl=1\" data-orig-size=\"1399,110\" data-comments-opened=\"0\" data-image-meta=\"{&quot;aperture&quot;:&quot;0&quot;,&quot;credit&quot;:&quot;&quot;,&quot;camera&quot;:&quot;&quot;,&quot;caption&quot;:&quot;&quot;,&quot;created_timestamp&quot;:&quot;0&quot;,&quot;copyright&quot;:&quot;&quot;,&quot;focal_length&quot;:&quot;0&quot;,&quot;iso&quot;:&quot;0&quot;,&quot;shutter_speed&quot;:&quot;0&quot;,&quot;title&quot;:&quot;&quot;,&quot;orientation&quot;:&quot;0&quot;}\" data-image-title=\"organiza\u00e7\u00e3o-novo-layout\" data-image-description=\"\" data-image-caption=\"\" data-large-file=\"https:\/\/i0.wp.com\/portosantocharter.eu\/wp-content\/uploads\/2023\/10\/organizacao-novo-layout.png?fit=1024%2C81&amp;ssl=1\" width=\"1024\" height=\"81\" src=\"https:\/\/i0.wp.com\/portosantocharter.eu\/wp-content\/uploads\/2023\/10\/organizacao-novo-layout.png?fit=1024%2C81&amp;ssl=1\" class=\"attachment-large size-large wp-image-4194\" alt=\"\" srcset=\"https:\/\/i0.wp.com\/portosantocharter.eu\/wp-content\/uploads\/2023\/10\/organizacao-novo-layout.png?w=1399&amp;ssl=1 1399w, https:\/\/i0.wp.com\/portosantocharter.eu\/wp-content\/uploads\/2023\/10\/organizacao-novo-layout.png?resize=300%2C24&amp;ssl=1 300w, https:\/\/i0.wp.com\/portosantocharter.eu\/wp-content\/uploads\/2023\/10\/organizacao-novo-layout.png?resize=1024%2C81&amp;ssl=1 1024w, https:\/\/i0.wp.com\/portosantocharter.eu\/wp-content\/uploads\/2023\/10\/organizacao-novo-layout.png?resize=768%2C60&amp;ssl=1 768w, https:\/\/i0.wp.com\/portosantocharter.eu\/wp-content\/uploads\/2023\/10\/organizacao-novo-layout.png?resize=1200%2C94&amp;ssl=1 1200w\" sizes=\"(max-width: 1024px) 100vw, 1024px\" \/>\t\t\t\t\t\t\t\t\t\t\t\t\t\t\t<\/div>\n\t\t\t\t<\/div>\n\t\t\t\t<div class=\"elementor-element elementor-element-26f81db elementor-widget elementor-widget-text-editor\" data-id=\"26f81db\" data-element_type=\"widget\" data-e-type=\"widget\" data-widget_type=\"text-editor.default\">\n\t\t\t\t<div class=\"elementor-widget-container\">\n\t\t\t\t\t\t\t\t\t<p>PARTNERS<\/p>\t\t\t\t\t\t\t\t<\/div>\n\t\t\t\t<\/div>\n\t\t\t\t<div class=\"elementor-element elementor-element-2c064bde elementor-widget elementor-widget-image\" data-id=\"2c064bde\" data-element_type=\"widget\" data-e-type=\"widget\" data-widget_type=\"image.default\">\n\t\t\t\t<div class=\"elementor-widget-container\">\n\t\t\t\t\t\t\t\t\t\t\t\t\t\t\t<img loading=\"lazy\" decoding=\"async\" data-attachment-id=\"4195\" data-permalink=\"https:\/\/portosantocharter.eu\/pt\/parceiros-novo-layout\/\" data-orig-file=\"https:\/\/i0.wp.com\/portosantocharter.eu\/wp-content\/uploads\/2023\/10\/parceiros-novo-layout.png?fit=1396%2C108&amp;ssl=1\" data-orig-size=\"1396,108\" data-comments-opened=\"0\" data-image-meta=\"{&quot;aperture&quot;:&quot;0&quot;,&quot;credit&quot;:&quot;&quot;,&quot;camera&quot;:&quot;&quot;,&quot;caption&quot;:&quot;&quot;,&quot;created_timestamp&quot;:&quot;0&quot;,&quot;copyright&quot;:&quot;&quot;,&quot;focal_length&quot;:&quot;0&quot;,&quot;iso&quot;:&quot;0&quot;,&quot;shutter_speed&quot;:&quot;0&quot;,&quot;title&quot;:&quot;&quot;,&quot;orientation&quot;:&quot;0&quot;}\" data-image-title=\"parceiros-novo-layout\" data-image-description=\"\" data-image-caption=\"\" data-large-file=\"https:\/\/i0.wp.com\/portosantocharter.eu\/wp-content\/uploads\/2023\/10\/parceiros-novo-layout.png?fit=1024%2C79&amp;ssl=1\" width=\"1024\" height=\"79\" src=\"https:\/\/i0.wp.com\/portosantocharter.eu\/wp-content\/uploads\/2023\/10\/parceiros-novo-layout.png?fit=1024%2C79&amp;ssl=1\" class=\"attachment-large size-large wp-image-4195\" alt=\"\" srcset=\"https:\/\/i0.wp.com\/portosantocharter.eu\/wp-content\/uploads\/2023\/10\/parceiros-novo-layout.png?w=1396&amp;ssl=1 1396w, https:\/\/i0.wp.com\/portosantocharter.eu\/wp-content\/uploads\/2023\/10\/parceiros-novo-layout.png?resize=300%2C23&amp;ssl=1 300w, https:\/\/i0.wp.com\/portosantocharter.eu\/wp-content\/uploads\/2023\/10\/parceiros-novo-layout.png?resize=1024%2C79&amp;ssl=1 1024w, https:\/\/i0.wp.com\/portosantocharter.eu\/wp-content\/uploads\/2023\/10\/parceiros-novo-layout.png?resize=768%2C59&amp;ssl=1 768w, https:\/\/i0.wp.com\/portosantocharter.eu\/wp-content\/uploads\/2023\/10\/parceiros-novo-layout.png?resize=1200%2C93&amp;ssl=1 1200w\" sizes=\"(max-width: 1024px) 100vw, 1024px\" \/>\t\t\t\t\t\t\t\t\t\t\t\t\t\t\t<\/div>\n\t\t\t\t<\/div>\n\t\t\t\t\t<\/div>\n\t\t<\/div>\n\t\t\t\t\t<\/div>\n\t\t<\/section>\n\t\t\t\t<\/div>","protected":false},"excerpt":{"rendered":"<p>EN PT Timeline Tap the image to view in higher resolution Linha cronol\u00f3gica Toque na imagem para ver em maior resolu\u00e7\u00e3o ORGANIZA\u00c7\u00c3O PARCEIROS<\/p>","protected":false},"author":46133109,"featured_media":0,"parent":0,"menu_order":0,"comment_status":"closed","ping_status":"closed","template":"","meta":{"_coblocks_attr":"","_coblocks_dimensions":"","_coblocks_responsive_height":"","_coblocks_accordion_ie_support":"","_crdt_document":"","site-sidebar-layout":"no-sidebar","site-content-layout":"page-builder","ast-site-content-layout":"","site-content-style":"default","site-sidebar-style":"default","ast-global-header-display":"","ast-banner-title-visibility":"","ast-main-header-display":"","ast-hfb-above-header-display":"","ast-hfb-below-header-display":"","ast-hfb-mobile-header-display":"","site-post-title":"disabled","ast-breadcrumbs-content":"","ast-featured-img":"disabled","footer-sml-layout":"","theme-transparent-header-meta":"","adv-header-id-meta":"","stick-header-meta":"","header-above-stick-meta":"","header-main-stick-meta":"","header-below-stick-meta":"","astra-migrate-meta-layouts":"default","ast-page-background-enabled":"default","ast-page-background-meta":{"desktop":{"background-color":"","background-image":"","background-repeat":"repeat","background-position":"center center","background-size":"auto","background-attachment":"scroll","background-type":"","background-media":"","overlay-type":"","overlay-color":"","overlay-gradient":""},"tablet":{"background-color":"","background-image":"","background-repeat":"repeat","background-position":"center center","background-size":"auto","background-attachment":"scroll","background-type":"","background-media":"","overlay-type":"","overlay-color":"","overlay-gradient":""},"mobile":{"background-color":"","background-image":"","background-repeat":"repeat","background-position":"center center","background-size":"auto","background-attachment":"scroll","background-type":"","background-media":"","overlay-type":"","overlay-color":"","overlay-gradient":""}},"ast-content-background-meta":{"desktop":{"background-color":"var(--ast-global-color-5)","background-image":"","background-repeat":"repeat","background-position":"center center","background-size":"auto","background-attachment":"scroll","background-type":"","background-media":"","overlay-type":"","overlay-color":"","overlay-gradient":""},"tablet":{"background-color":"var(--ast-global-color-5)","background-image":"","background-repeat":"repeat","background-position":"center center","background-size":"auto","background-attachment":"scroll","background-type":"","background-media":"","overlay-type":"","overlay-color":"","overlay-gradient":""},"mobile":{"background-color":"var(--ast-global-color-5)","background-image":"","background-repeat":"repeat","background-position":"center center","background-size":"auto","background-attachment":"scroll","background-type":"","background-media":"","overlay-type":"","overlay-color":"","overlay-gradient":""}},"advanced_seo_description":"","jetpack_seo_html_title":"","jetpack_seo_noindex":false,"footnotes":""},"class_list":["post-3998","page","type-page","status-publish","hentry"],"jetpack_shortlink":"https:\/\/wp.me\/PcOAqI-12u","jetpack_sharing_enabled":true,"_links":{"self":[{"href":"https:\/\/portosantocharter.eu\/pt\/wp-json\/wp\/v2\/pages\/3998","targetHints":{"allow":["GET"]}}],"collection":[{"href":"https:\/\/portosantocharter.eu\/pt\/wp-json\/wp\/v2\/pages"}],"about":[{"href":"https:\/\/portosantocharter.eu\/pt\/wp-json\/wp\/v2\/types\/page"}],"author":[{"embeddable":true,"href":"https:\/\/portosantocharter.eu\/pt\/wp-json\/wp\/v2\/users\/46133109"}],"replies":[{"embeddable":true,"href":"https:\/\/portosantocharter.eu\/pt\/wp-json\/wp\/v2\/comments?post=3998"}],"version-history":[{"count":100,"href":"https:\/\/portosantocharter.eu\/pt\/wp-json\/wp\/v2\/pages\/3998\/revisions"}],"predecessor-version":[{"id":7542,"href":"https:\/\/portosantocharter.eu\/pt\/wp-json\/wp\/v2\/pages\/3998\/revisions\/7542"}],"wp:attachment":[{"href":"https:\/\/portosantocharter.eu\/pt\/wp-json\/wp\/v2\/media?parent=3998"}],"curies":[{"name":"wp","href":"https:\/\/api.w.org\/{rel}","templated":true}]}}