{"id":1829,"date":"2021-04-08T18:55:24","date_gmt":"2021-04-08T17:55:24","guid":{"rendered":"https:\/\/portosantocharter.eu\/?page_id=1829"},"modified":"2021-04-27T14:35:04","modified_gmt":"2021-04-27T13:35:04","slug":"cookies-policy","status":"publish","type":"page","link":"https:\/\/portosantocharter.eu\/pt\/cookies-policy\/","title":{"rendered":"Pol\u00edtica de Cookies"},"content":{"rendered":"<p class=\"wp-block-paragraph\">Esta Pol\u00edtica de Cookies explica o que s\u00e3o Cookies e como os utilizamos. Deve ler esta pol\u00edtica para compreender que tipo de Cookies utilizamos ou as informa\u00e7\u00f5es que recolhemos atrav\u00e9s de Cookies e como essas informa\u00e7\u00f5es s\u00e3o utilizadas. <\/p>\n\n\n\n<p class=\"wp-block-paragraph\">Os Cookies n\u00e3o cont\u00eam normalmente qualquer informa\u00e7\u00e3o que identifique pessoalmente um utilizador, mas as informa\u00e7\u00f5es pessoais que armazenamos sobre si podem estar ligadas \u00e0s informa\u00e7\u00f5es armazenadas e obtidas atrav\u00e9s dos Cookies. Para mais informa\u00e7\u00f5es sobre a forma como utilizamos, armazenamos e mantemos os seus dados pessoais seguros, consulte a nossa Pol\u00edtica de Privacidade.<\/p>\n\n\n\n<p class=\"wp-block-paragraph\">N\u00e3o armazenamos informa\u00e7\u00f5es pessoais confidenciais, como endere\u00e7os de correspond\u00eancia, palavras-passe de contas, etc. nos Cookies que utilizamos.<\/p>\n\n\n\n<h3 id=\"interpretation-and-definitions\" class=\"has-custom-weight wp-block-heading\" style=\"font-weight:normal\">Interpreta\u00e7\u00e3o e Defini\u00e7\u00f5es<\/h3>\n\n\n\n<h4 id=\"interpretation\" class=\"has-custom-weight wp-block-heading\" style=\"font-weight:normal\">Interpreta\u00e7\u00e3o<\/h4>\n\n\n\n<p class=\"wp-block-paragraph\">As palavras cuja letra inicial \u00e9 mai\u00fascula t\u00eam significados definidos nas seguintes condi\u00e7\u00f5es. As seguintes defini\u00e7\u00f5es ter\u00e3o o mesmo significado, independentemente de aparecerem no singular ou no plural.<\/p>\n\n\n\n<h4 id=\"definitions\" class=\"has-custom-weight wp-block-heading\" style=\"font-weight:normal\">Defini\u00e7\u00f5es<\/h4>\n\n\n\n<p class=\"wp-block-paragraph\">Para efeitos da presente Pol\u00edtica de Cookies<\/p>\n\n\n\n<p class=\"wp-block-paragraph translation-block\"><strong>Organiza\u00e7\u00e3o<\/strong> (referida como \u201ca Organiza\u00e7\u00e3o\u201d, \u201cN\u00f3s\u201d, \u201cN\u00f3s\u201d ou \u201cNosso\u201d nesta Pol\u00edtica de Cookies) refere-se ao Plano Nacional das Artes, Campo Grande, n\u00ba88, 1\u00ba 1700-088 Lisboa.<\/p>\n\n\n\n<div class=\"wp-block-columns is-layout-flex wp-container-core-columns-is-layout-7387b849 wp-block-columns-is-layout-flex\">\n<div class=\"wp-block-column is-layout-flow wp-block-column-is-layout-flow\" style=\"flex-basis:5%\"><\/div>\n\n\n\n<div class=\"wp-block-column is-layout-flow wp-block-column-is-layout-flow\" style=\"flex-basis:95%\">\n<ul class=\"wp-block-list\"><li class=\"translation-block\">Os <strong>Cookies<\/strong> s\u00e3o pequenos ficheiros que s\u00e3o colocados no seu computador, dispositivo m\u00f3vel ou qualquer outro dispositivo por um website, contendo detalhes do seu hist\u00f3rico de navega\u00e7\u00e3o nesse website, entre as suas muitas utiliza\u00e7\u00f5es.<\/li><li class=\"translation-block\"><strong>Website<\/strong> refere-se \u00e0 Carta do Porto Santo, acess\u00edvel em <em><span style=\"text-decoration: underline\"><a href=\"https:\/\/portosantocharter.eu\/pt\/\" rel=\"nofollow\" target=\"_self\">https:\/\/www.portosantocharter.eu<\/a><\/span><\/em><\/li><li class=\"translation-block\"><strong>Utilizador<\/strong> significa o indiv\u00edduo que acede ou utiliza o Site, ou uma empresa, ou qualquer entidade legal em nome da qual tal indiv\u00edduo est\u00e1 a aceder ou a utilizar o Site, conforme aplic\u00e1vel.<\/li><\/ul>\n<\/div>\n<\/div>\n\n\n\n<h2 id=\"the-use-of-the-cookies\" class=\"has-custom-weight wp-block-heading\" style=\"font-weight:normal\">A utiliza\u00e7\u00e3o dos Cookies<\/h2>\n\n\n\n<h4 id=\"type-of-cookies-we-use\" class=\"has-custom-weight wp-block-heading\" style=\"font-weight:normal\">Tipo de Cookies que utilizamos<\/h4>\n\n\n\n<p class=\"wp-block-paragraph\">Os Cookies podem ser \"Persistentes\" ou \"De Sess\u00e3o\". Os Cookies Persistentes permanecem no seu computador pessoal ou dispositivo m\u00f3vel quando fica offline, enquanto os Cookies de Sess\u00e3o s\u00e3o eliminados assim que fecha o seu browser. Utilizamos Cookies de sess\u00e3o e persistentes para os fins descritos abaixo:<\/p>\n\n\n\n<div class=\"wp-block-columns is-layout-flex wp-container-core-columns-is-layout-7387b849 wp-block-columns-is-layout-flex\">\n<div class=\"wp-block-column is-layout-flow wp-block-column-is-layout-flow\" style=\"flex-basis:9.09%\"><\/div>\n\n\n\n<div class=\"wp-block-column is-layout-flow wp-block-column-is-layout-flow\" style=\"flex-basis:90.91%\">\n<p class=\"wp-block-paragraph\"><strong>Cookies necess\u00e1rios \/ essenciais<\/strong><\/p>\n\n\n\n<ul class=\"wp-block-list\"><li>Tipo: Cookies de sess\u00e3o<\/li><li>Administrado por: N\u00f3s<\/li><li>Finalidade: Estes Cookies s\u00e3o essenciais para lhe fornecer os servi\u00e7os dispon\u00edveis atrav\u00e9s do Site e para lhe permitir utilizar alguns dos seus recursos. Ajudam a autenticar utilizadores e a prevenir o uso fraudulento de contas de utilizadores. Sem estes Cookies, os servi\u00e7os que solicitou n\u00e3o poder\u00e3o ser prestados, e N\u00f3s utilizamos-los apenas para lhe prestar esses servi\u00e7os.<\/li><\/ul>\n\n\n\n<p class=\"wp-block-paragraph\"><strong>Cookies de funcionalidade<\/strong><\/p>\n\n\n\n<ul class=\"wp-block-list\"><li>Tipo: Cookies Persistentes<\/li><li>Administrado por: N\u00f3s<\/li><li>Finalidade: Estes Cookies permitem-nos recordar as escolhas que faz ao utilizar o Site, como por exemplo, recordar os seus dados de login ou a sua prefer\u00eancia de idioma. A finalidade destes Cookies \u00e9 proporcionar-lhe uma experi\u00eancia mais personalizada e evitar que tenha de voltar a introduzir as suas prefer\u00eancias sempre que utilizar o website.<\/li><\/ul>\n<\/div>\n<\/div>\n\n\n\n<h4 id=\"your-choices-regarding-cookies\" class=\"has-custom-weight wp-block-heading\" style=\"font-weight:normal\">As suas escolhas em rela\u00e7\u00e3o aos Cookies<\/h4>\n\n\n\n<p class=\"wp-block-paragraph\">Se preferir evitar a utiliza\u00e7\u00e3o de Cookies no Site, deve primeiro desativar a utiliza\u00e7\u00e3o de Cookies no seu navegador e, em seguida, eliminar os Cookies guardados no seu navegador associados a este site. Pode utilizar esta op\u00e7\u00e3o para impedir o uso de Cookies a qualquer momento.<\/p>\n\n\n\n<p class=\"wp-block-paragraph\">Se n\u00e3o aceitar os nossos Cookies, poder\u00e1 deparar-se com alguns inconvenientes na utiliza\u00e7\u00e3o do website e algumas funcionalidades poder\u00e3o n\u00e3o funcionar corretamente.<\/p>\n\n\n\n<p class=\"wp-block-paragraph\">Se pretender eliminar Cookies ou instruir o seu navegador da Web para eliminar ou recusar Cookies, visite as p\u00e1ginas de ajuda do seu navegador.<\/p>\n\n\n\n<p class=\"wp-block-paragraph translation-block\">Para o browser <strong>Chrome<\/strong>, visite esta p\u00e1gina do Google: <br><em><span style=\"text-decoration: underline\"><a href=\"https:\/\/support.google.com\/accounts\/answer\/32050\" rel=\"nofollow\" target=\"_self\">https:\/\/support.google.com\/accounts\/answer\/32050<\/a><\/span><\/em><\/p>\n\n\n\n<p class=\"wp-block-paragraph translation-block\">Para o browser <strong>Internet Explorer<\/strong>, visite esta p\u00e1gina da Microsoft: <br><em><span style=\"text-decoration: underline\"><a href=\"http:\/\/support.microsoft.com\/kb\/278835\" rel=\"nofollow\" target=\"_self\">http:\/\/support.microsoft.com\/kb\/278835<\/a><\/span><\/em><\/p>\n\n\n\n<p class=\"wp-block-paragraph translation-block\">Para o browser <strong>Firefox<\/strong>, visite esta p\u00e1gina da Mozilla: <br><em><span style=\"text-decoration: underline\"><a href=\"https:\/\/support.mozilla.org\/en-US\/kb\/delete-cookies-remove-info-websites-stored\" rel=\"nofollow\" target=\"_self\">https:\/\/support.mozilla.org\/en-US\/kb\/delete-cookies-remove-info-websites-stored<\/a><\/span><\/em><\/p>\n\n\n\n<p class=\"wp-block-paragraph translation-block\">Para o browser <strong>Safari<\/strong>, visite esta p\u00e1gina da Apple: <br><em><span style=\"text-decoration: underline\"><a href=\"https:\/\/support.apple.com\/guide\/safari\/manage-cookies-and-website-data-sfri11471\/mac\" rel=\"nofollow\" target=\"_self\">https:\/\/support.apple.com\/guide\/safari\/manage-cookies-and-website-data-sfri11471\/mac<\/a><\/span><\/em><\/p>\n\n\n\n<p class=\"wp-block-paragraph\">Para qualquer outro navegador, visite as p\u00e1ginas oficiais do seu navegador.<\/p>\n\n\n\n<h4 id=\"more-information-about-cookies\" class=\"has-custom-weight wp-block-heading\" style=\"font-weight:normal\">Mais informa\u00e7\u00f5es sobre Cookies<\/h4>\n\n\n\n<p class=\"wp-block-paragraph translation-block\">Pode saber mais sobre Cookies e o Regulamento Geral de Prote\u00e7\u00e3o de Dados, visite este <a href=\"https:\/\/gdpr.eu\/cookies\/?cn-reloaded=1\" data-type=\"URL\" data-id=\"https:\/\/gdpr.eu\/cookies\/?cn-reloaded=1\" target=\"_blank\" rel=\"noreferrer noopener\"><em><strong><span style=\"text-decoration: underline\">link<\/span><\/strong><\/em><\/a>.<\/p>\n\n\n\n<h4 id=\"contact-us\" class=\"has-custom-weight wp-block-heading\" style=\"font-weight:normal\">Entre em contacto connosco<\/h4>\n\n\n\n<p class=\"wp-block-paragraph translation-block\">Caso tenha alguma d\u00favida sobre esta Pol\u00edtica de Cookies, por favor contacte-nos por e-mail para \u201c<a rel=\"noreferrer noopener\" href=\"mailto:info@portosantocharter.eu\" target=\"_blank\"><em><span style=\"text-decoration: underline\">organisation@portosantocharter.eu<\/span><\/em><\/a>\u201c<\/p>","protected":false},"excerpt":{"rendered":"<p>This Cookies Policy explains what Cookies are and how We use them. You should read this policy so You can understand what type of cookies We use, or the information We collect using Cookies and how that information is used. Cookies do not typically contain any information that personally identifies a user, but personal information that we store about You may be linked to the information stored in and obtained from Cookies. For further information on how We use, store and keep your personal data secure, see our Privacy Policy. We do not store sensitive personal information, such as mailing addresses, account passwords, etc. in<\/p>","protected":false},"author":35082927,"featured_media":0,"parent":0,"menu_order":0,"comment_status":"closed","ping_status":"closed","template":"","meta":{"_coblocks_attr":"","_coblocks_dimensions":"","_coblocks_responsive_height":"","_coblocks_accordion_ie_support":"","_crdt_document":"","site-sidebar-layout":"default","site-content-layout":"default","ast-site-content-layout":"","site-content-style":"default","site-sidebar-style":"default","ast-global-header-display":"","ast-banner-title-visibility":"","ast-main-header-display":"","ast-hfb-above-header-display":"","ast-hfb-below-header-display":"","ast-hfb-mobile-header-display":"","site-post-title":"","ast-breadcrumbs-content":"","ast-featured-img":"","footer-sml-layout":"","theme-transparent-header-meta":"default","adv-header-id-meta":"","stick-header-meta":"","header-above-stick-meta":"","header-main-stick-meta":"","header-below-stick-meta":"","astra-migrate-meta-layouts":"default","ast-page-background-enabled":"default","ast-page-background-meta":{"desktop":{"background-color":"","background-image":"","background-repeat":"repeat","background-position":"center center","background-size":"auto","background-attachment":"scroll","background-type":"","background-media":"","overlay-type":"","overlay-color":"","overlay-gradient":""},"tablet":{"background-color":"","background-image":"","background-repeat":"repeat","background-position":"center center","background-size":"auto","background-attachment":"scroll","background-type":"","background-media":"","overlay-type":"","overlay-color":"","overlay-gradient":""},"mobile":{"background-color":"","background-image":"","background-repeat":"repeat","background-position":"center center","background-size":"auto","background-attachment":"scroll","background-type":"","background-media":"","overlay-type":"","overlay-color":"","overlay-gradient":""}},"ast-content-background-meta":{"desktop":{"background-color":"var(--ast-global-color-5)","background-image":"","background-repeat":"repeat","background-position":"center center","background-size":"auto","background-attachment":"scroll","background-type":"","background-media":"","overlay-type":"","overlay-color":"","overlay-gradient":""},"tablet":{"background-color":"var(--ast-global-color-5)","background-image":"","background-repeat":"repeat","background-position":"center center","background-size":"auto","background-attachment":"scroll","background-type":"","background-media":"","overlay-type":"","overlay-color":"","overlay-gradient":""},"mobile":{"background-color":"var(--ast-global-color-5)","background-image":"","background-repeat":"repeat","background-position":"center center","background-size":"auto","background-attachment":"scroll","background-type":"","background-media":"","overlay-type":"","overlay-color":"","overlay-gradient":""}},"advanced_seo_description":"","jetpack_seo_html_title":"","jetpack_seo_noindex":false,"footnotes":""},"class_list":["post-1829","page","type-page","status-publish","hentry"],"jetpack_shortlink":"https:\/\/wp.me\/PcOAqI-tv","jetpack_sharing_enabled":true,"_links":{"self":[{"href":"https:\/\/portosantocharter.eu\/pt\/wp-json\/wp\/v2\/pages\/1829","targetHints":{"allow":["GET"]}}],"collection":[{"href":"https:\/\/portosantocharter.eu\/pt\/wp-json\/wp\/v2\/pages"}],"about":[{"href":"https:\/\/portosantocharter.eu\/pt\/wp-json\/wp\/v2\/types\/page"}],"author":[{"embeddable":true,"href":"https:\/\/portosantocharter.eu\/pt\/wp-json\/wp\/v2\/users\/35082927"}],"replies":[{"embeddable":true,"href":"https:\/\/portosantocharter.eu\/pt\/wp-json\/wp\/v2\/comments?post=1829"}],"version-history":[{"count":19,"href":"https:\/\/portosantocharter.eu\/pt\/wp-json\/wp\/v2\/pages\/1829\/revisions"}],"predecessor-version":[{"id":2548,"href":"https:\/\/portosantocharter.eu\/pt\/wp-json\/wp\/v2\/pages\/1829\/revisions\/2548"}],"wp:attachment":[{"href":"https:\/\/portosantocharter.eu\/pt\/wp-json\/wp\/v2\/media?parent=1829"}],"curies":[{"name":"wp","href":"https:\/\/api.w.org\/{rel}","templated":true}]}}